{"id":10,"date":"2026-02-14T19:45:58","date_gmt":"2026-02-14T18:45:58","guid":{"rendered":"https:\/\/provelum.pl\/?page_id=10"},"modified":"2026-02-22T15:31:42","modified_gmt":"2026-02-22T14:31:42","slug":"kasa","status":"publish","type":"page","link":"https:\/\/provelum.pl\/?page_id=10","title":{"rendered":"Kasa"},"content":{"rendered":"\t\t<div data-elementor-type=\"wp-page\" data-elementor-id=\"10\" class=\"elementor elementor-10\">\n\t\t\t\t\t\t<section class=\"elementor-section elementor-top-section elementor-element elementor-element-23025fd elementor-section-boxed elementor-section-height-default elementor-section-height-default\" data-id=\"23025fd\" data-element_type=\"section\" data-e-type=\"section\">\n\t\t\t\t\t\t<div class=\"elementor-container elementor-column-gap-default\">\n\t\t\t\t\t<div class=\"elementor-column elementor-col-100 elementor-top-column elementor-element elementor-element-55a0172\" data-id=\"55a0172\" data-element_type=\"column\" data-e-type=\"column\">\n\t\t\t<div class=\"elementor-widget-wrap\">\n\t\t\t\t\t\t\t<\/div>\n\t\t<\/div>\n\t\t\t\t\t<\/div>\n\t\t<\/section>\n\t\t\t\t<section class=\"elementor-section elementor-top-section elementor-element elementor-element-0daa5ce elementor-section-boxed elementor-section-height-default elementor-section-height-default\" data-id=\"0daa5ce\" data-element_type=\"section\" data-e-type=\"section\">\n\t\t\t\t\t\t<div class=\"elementor-container elementor-column-gap-default\">\n\t\t\t\t\t<div class=\"elementor-column elementor-col-100 elementor-top-column elementor-element elementor-element-b7283f0\" data-id=\"b7283f0\" data-element_type=\"column\" data-e-type=\"column\">\n\t\t\t<div class=\"elementor-widget-wrap elementor-element-populated\">\n\t\t\t\t\t\t<div class=\"elementor-element elementor-element-b06ad30 elementor-widget elementor-widget-image\" data-id=\"b06ad30\" data-element_type=\"widget\" data-e-type=\"widget\" data-widget_type=\"image.default\">\n\t\t\t\t<div class=\"elementor-widget-container\">\n\t\t\t\t\t\t\t\t\t\t\t\t\t\t\t<img fetchpriority=\"high\" decoding=\"async\" width=\"300\" height=\"300\" src=\"https:\/\/provelum.pl\/wp-content\/uploads\/2026\/02\/logo-png-czarne-300x300.png\" class=\"attachment-medium size-medium wp-image-54\" alt=\"\" srcset=\"https:\/\/provelum.pl\/wp-content\/uploads\/2026\/02\/logo-png-czarne-300x300.png 300w, https:\/\/provelum.pl\/wp-content\/uploads\/2026\/02\/logo-png-czarne-1024x1024.png 1024w, https:\/\/provelum.pl\/wp-content\/uploads\/2026\/02\/logo-png-czarne-150x150.png 150w, https:\/\/provelum.pl\/wp-content\/uploads\/2026\/02\/logo-png-czarne-768x768.png 768w, https:\/\/provelum.pl\/wp-content\/uploads\/2026\/02\/logo-png-czarne-1536x1536.png 1536w, https:\/\/provelum.pl\/wp-content\/uploads\/2026\/02\/logo-png-czarne-600x600.png 600w, https:\/\/provelum.pl\/wp-content\/uploads\/2026\/02\/logo-png-czarne-100x100.png 100w, https:\/\/provelum.pl\/wp-content\/uploads\/2026\/02\/logo-png-czarne.png 1563w\" sizes=\"(max-width: 300px) 100vw, 300px\" \/>\t\t\t\t\t\t\t\t\t\t\t\t\t\t\t<\/div>\n\t\t\t\t<\/div>\n\t\t\t\t<div class=\"elementor-element elementor-element-0c45001 elementor-widget-divider--view-line_text elementor-widget-divider--element-align-center elementor-invisible elementor-widget elementor-widget-divider\" data-id=\"0c45001\" data-element_type=\"widget\" data-e-type=\"widget\" data-settings=\"{&quot;_animation&quot;:&quot;fadeIn&quot;}\" data-widget_type=\"divider.default\">\n\t\t\t\t<div class=\"elementor-widget-container\">\n\t\t\t\t\t\t\t<div class=\"elementor-divider\">\n\t\t\t<span class=\"elementor-divider-separator\">\n\t\t\t\t\t\t\t<h2 class=\"elementor-divider__text elementor-divider__element\">\n\t\t\t\tPODSUMOWANIE\t\t\t\t<\/h2>\n\t\t\t\t\t\t<\/span>\n\t\t<\/div>\n\t\t\t\t\t\t<\/div>\n\t\t\t\t<\/div>\n\t\t\t\t\t<\/div>\n\t\t<\/div>\n\t\t\t\t\t<\/div>\n\t\t<\/section>\n\t\t\t\t<section class=\"elementor-section elementor-top-section elementor-element elementor-element-62ab50ae elementor-section-boxed elementor-section-height-default elementor-section-height-default\" data-id=\"62ab50ae\" data-element_type=\"section\" data-e-type=\"section\" data-settings=\"{&quot;background_background&quot;:&quot;classic&quot;}\">\n\t\t\t\t\t\t<div class=\"elementor-container elementor-column-gap-default\">\n\t\t\t\t\t<div class=\"elementor-column elementor-col-100 elementor-top-column elementor-element elementor-element-3e2950ae\" data-id=\"3e2950ae\" data-element_type=\"column\" data-e-type=\"column\">\n\t\t\t<div class=\"elementor-widget-wrap elementor-element-populated\">\n\t\t\t\t\t\t<div class=\"elementor-element elementor-element-91d6db9 e-checkout-layout-two-column elementor-widget elementor-widget-woocommerce-checkout-page\" data-id=\"91d6db9\" data-element_type=\"widget\" data-e-type=\"widget\" data-settings=\"{&quot;purchase_button_hover_animation&quot;:&quot;float&quot;}\" data-widget_type=\"woocommerce-checkout-page.default\">\n\t\t\t\t<div class=\"elementor-widget-container\">\n\t\t\t\t\t<div class=\"woocommerce\"><div class=\"woocommerce-notices-wrapper\"><\/div><\/div>\t\t\t\t<\/div>\n\t\t\t\t<\/div>\n\t\t\t\t\t<\/div>\n\t\t<\/div>\n\t\t\t\t\t<\/div>\n\t\t<\/section>\n\t\t\t\t<\/div>\n\t\t","protected":false},"excerpt":{"rendered":"<p>PODSUMOWANIE Dane zamawiaj\u0105cego Imi\u0119&nbsp;* Nazwisko&nbsp;* Kraj \/ region&nbsp;*Wybierz kraj\/region&hellip;AfganistanAlbaniaAlgieriaAndoraAngolaAnguillaAntarktydaAntigua i BarbudaArabia SaudyjskaArgentynaArmeniaArubaAustraliaAustriaAzerbejd\u017canBahamyBahrajnBangladeszBarbadosBelauBelgiaBelizeBeninBermudyBhutanBia\u0142oru\u015bBoliwiaBo\u015bnia i HercegowinaBotswanaBrazyliaBrazzavilleBruneiBrytyjskie Terytorium Oceanu IndyjskiegoBu\u0142gariaBurkina FasoBurundiChileChinyChorwacjaCura&ccedil;aoCyprCzadCzarnog\u00f3raDalekie Wyspy Mniejsze Stan\u00f3w ZjednoczonychDaniaDemokratyczna Republika KongaD\u017cibutiEgiptEkwadorErytreaEstoniaEswatiniEtiopiaFalklandyFid\u017ciFilipinyFinlandiaFrancjaFrancuskie Terytoria Po\u0142udnioweGabonGambiaGeorgia Po\u0142udniowa i Sandwich Po\u0142udniowyGhanaGibraltarGrecjaGrenadaGrenlandiaGruzjaGuamGuernseyGujanaGujana FrancuskaGwadelupaGwatemalaGwineaGwinea BissauGwinea R\u00f3wnikowaHaitiHiszpaniaHolandiaHolandia KaraibskaHondurasHongkongIndieIndonezjaIrakIranIrlandiaIslandiaIzraelJamajkaJaponiaJemenJerseyJordaniaKajmanyKambod\u017caKamerunKanadaKatarKazachstanKeniaKirgistanKiribatiKolumbiaKomoryKorea Po\u0142udniowaKorea P\u00f3\u0142nocnaKosowoKostarykaKubaKuwejtLaosLesotoLibanLiberiaLibiaLiechtensteinLitwaLuksemburg\u0141otwaMadagaskarMajottaMakauMalawiMalediwyMalezjaMaliMaltaMariany P\u00f3\u0142nocneMarokoMartynikaMauretaniaMauritiusMeksykMikronezjaMjanmaMo\u0142dawiaMonakoMongoliaMontserratMozambikNamibiaNauruNepalNiemcyNigerNigeriaNikaraguaNiueNorfolkNorwegiaNowa KaledoniaNowa ZelandiaOmanPakistanPanamaPapua-Nowa GwineaParagwajPeruPitcairnPolinezja FrancuskaPolskaPortorykoPortugaliaP\u00f3\u0142nocna MacedoniaRepublika CzeskaRepublika Dominika\u0144skaRepublika Po\u0142udniowej AfrykiRepublika \u015arodkowoafryka\u0144skaRepublika Zielonego Przyl\u0105dkaReunionRosjaRumuniaRwandaSahara ZachodniaSaint Kitts i NevisSaint LuciaSaint Vincent [&hellip;]<\/p>\n","protected":false},"author":1,"featured_media":0,"parent":0,"menu_order":0,"comment_status":"closed","ping_status":"closed","template":"","meta":{"footnotes":""},"class_list":["post-10","page","type-page","status-publish","hentry"],"_links":{"self":[{"href":"https:\/\/provelum.pl\/index.php?rest_route=\/wp\/v2\/pages\/10","targetHints":{"allow":["GET"]}}],"collection":[{"href":"https:\/\/provelum.pl\/index.php?rest_route=\/wp\/v2\/pages"}],"about":[{"href":"https:\/\/provelum.pl\/index.php?rest_route=\/wp\/v2\/types\/page"}],"author":[{"embeddable":true,"href":"https:\/\/provelum.pl\/index.php?rest_route=\/wp\/v2\/users\/1"}],"replies":[{"embeddable":true,"href":"https:\/\/provelum.pl\/index.php?rest_route=%2Fwp%2Fv2%2Fcomments&post=10"}],"version-history":[{"count":60,"href":"https:\/\/provelum.pl\/index.php?rest_route=\/wp\/v2\/pages\/10\/revisions"}],"predecessor-version":[{"id":240,"href":"https:\/\/provelum.pl\/index.php?rest_route=\/wp\/v2\/pages\/10\/revisions\/240"}],"wp:attachment":[{"href":"https:\/\/provelum.pl\/index.php?rest_route=%2Fwp%2Fv2%2Fmedia&parent=10"}],"curies":[{"name":"wp","href":"https:\/\/api.w.org\/{rel}","templated":true}]}}